{"id":6305,"date":"2021-10-27T11:55:53","date_gmt":"2021-10-27T11:55:53","guid":{"rendered":"https:\/\/termaexim.ro\/politica-de-confidentialitate\/"},"modified":"2021-10-27T11:56:46","modified_gmt":"2021-10-27T11:56:46","slug":"privacy-policy","status":"publish","type":"page","link":"https:\/\/termaexim.ro\/en\/privacy-policy\/","title":{"rendered":"Privacy Policy"},"content":{"rendered":"\t\t<div data-elementor-type=\"wp-page\" data-elementor-id=\"6305\" class=\"elementor elementor-6305\" data-elementor-settings=\"[]\">\n\t\t\t\t\t\t\t<div class=\"elementor-section-wrap\">\n\t\t\t\t\t\t\t<section class=\"elementor-section elementor-top-section elementor-element elementor-element-6937cd1d elementor-section-boxed elementor-section-height-default elementor-section-height-default qodef-elementor-content-no\" data-id=\"6937cd1d\" data-element_type=\"section\">\n\t\t\t\t\t\t<div class=\"elementor-container elementor-column-gap-default\">\n\t\t\t\t\t<div class=\"elementor-column elementor-col-100 elementor-top-column elementor-element elementor-element-64bcab29\" data-id=\"64bcab29\" data-element_type=\"column\">\n\t\t\t<div class=\"elementor-widget-wrap elementor-element-populated\">\n\t\t\t\t\t\t\t\t<div class=\"elementor-element elementor-element-7608ea6d elementor-widget elementor-widget-text-editor\" data-id=\"7608ea6d\" data-element_type=\"widget\" data-widget_type=\"text-editor.default\">\n\t\t\t\t<div class=\"elementor-widget-container\">\n\t\t\t\t\t\t\t<p><\/p>\n<p class=\"has-medium-font-size\"><strong>Prelucrarea datelor cu caracter personal<\/strong><\/p>\n<p><\/p>\n<p><strong>Politic\u0103 de Confiden\u021bialitate\u00a0cu privire la prelucrarea datelor cu caracter personal<\/strong><\/p>\n<p><\/p>\n<p>Consider\u0103m asigurarea dreptului la protec\u021bia datelor cu caracter personal ca un angajament fundamental TERMAEXIM, prin urmare vom dedica toate resursele \u0219i eforturile necesare pentru a prelucra datele dvs. \u00een deplin\u0103 concordan\u021b\u0103 cu Regulamentul (UE) 2016\/679\u00a0(\u201cRegulamentul general privind protec\u021bia datelor\u201d\u00a0sau\u00a0<strong>\u201cGDPR\u201d)<\/strong>, precum \u0219i cu orice alt\u0103 legisla\u021bie aplicabil\u0103 pe teritoriul Rom\u00e2niei. \u00centruc\u00e2t unul dintre principiile esen\u021biale ale acestui cadrul legal \u00eel reprezint\u0103 transparen\u021ba, am preg\u0103tit acest document prin care dorim s\u0103 v\u0103 inform\u0103m despre modul \u00een care colect\u0103m, utiliz\u0103m, transfer\u0103m \u0219i protej\u0103m datele dvs. cu caracter personal atunci c\u00e2nd interac\u021biona\u021bi cu noi \u00een leg\u0103tur\u0103 cu serviciile noastre, prin site-ul nostru web www.termaexim.ro sau prin intermediul email-ului.<\/p>\n<p><\/p>\n<p>Ne rezerv\u0103m dreptul de a actualiza \u0219i modifica periodic aceast\u0103 Politic\u0103 de Confiden\u021bialitate, pentru a reflecta orice modific\u0103ri ale modului \u00een care prelucr\u0103m datele dumneavoastr\u0103 cu caracter personal sau orice modific\u0103ri ale cerin\u021belor legale. \u00cen cazul oric\u0103rei astfel de modific\u0103ri, vom afi\u0219a pe website-ul nostru versiunea modificat\u0103 a Politicii de Confiden\u021bialitate, motiv pentru care va rugam sa verifica\u021bi periodic con\u021binutul acestei Politici de Confiden\u021bialitate.<\/p>\n<p><\/p>\n<p><strong>Cine suntem \u0219i cum ne pute\u021bi contacta<\/strong><\/p>\n<p><\/p>\n<p><strong>Termaexim\u00a0<\/strong>S.A are sediul social \u00een localitatea Galati, strada Petru Groza, nr. 17, jude\u0163ul Galati, e-mail: office@termaexim.ro (\u00een continuare \u201c<strong>Termaexim<\/strong>\u201d sau \u201c<strong>noi<\/strong>\u201c).<\/p>\n<p><\/p>\n<p>\u00centruc\u00e2t suntem \u00eentotdeauna deschi\u0219i s\u0103 afl\u0103m opiniile dumneavoastr\u0103, precum \u0219i s\u0103 v\u0103 furniz\u0103m orice informa\u021bii suplimentare de care a\u021bi putea avea nevoie cu privire la prelucrarea datelor dvs., v\u0103 \u00eencuraj\u0103m s\u0103 ne contacta\u021bi.<\/p>\n<p><\/p>\n<p><strong>Ce categorii de date cu caracter personal prelucr\u0103m<\/strong><\/p>\n<p><\/p>\n<p>\u00cen general, colect\u0103m datele dvs. cu caracter personal direct de la dumneavoastr\u0103, astfel \u00eenc\u00e2t ave\u021bi controlul asupra tipului de informa\u021bie pe care ne-o oferi\u021bi. Cu titlul de exemplu, primim informa\u021bii de la dvs. astfel:<\/p>\n<p><\/p>\n<ul>\n<li>c\u00e2nd folosi\u021bi formularul de contact, ne furniza\u021bi urm\u0103toarele informa\u021bii: nume \u0219i adres\u0103 de e-mail.<\/li>\n<\/ul>\n<p><\/p>\n<p>Putem, de asemenea, s\u0103 colect\u0103m \u0219i s\u0103 prelucr\u0103m ulterior anumite informa\u021bii cu privire la comportamentul dvs. \u00een timpul vizit\u0103rii site-ului <a href=\"http:\/\/www.termaexim.ro\">www.termaexim.ro<\/a> pentru a v\u0103 personaliza experien\u021ba online. Pe site-ul nostru web putem stoca \u0219i colecta informa\u021bii \u00een cookie-uri \u0219i tehnologii similare, conform Politicii de cookie-uri.<\/p>\n<p><\/p>\n<p>Nu colect\u0103m \u0219i nu prelucr\u0103m \u00een alt mod date sensibile, incluse de Regulamentul general privind protec\u021bia datelor \u00een categorii speciale de date cu caracter personal. De asemenea, nu dorim s\u0103 colect\u0103m sau s\u0103 prelucr\u0103m date ale minorilor care nu au \u00eemplinit v\u00e2rsta de 16 ani.<\/p>\n<p><\/p>\n<p><strong>Care sunt scopurile \u0219i temeiurile prelucr\u0103rii<\/strong><\/p>\n<p><\/p>\n<p>Vom utiliza datele dvs. cu caracter personal doar pentru a v\u0103 r\u0103spunde la solicitarea trimis\u0103 prin formularul de contact.<\/p>\n<p><\/p>\n<p><strong>C\u00e2t timp p\u0103str\u0103m datele dvs. cu caracter personal<\/strong><\/p>\n<p><\/p>\n<p>Ca regul\u0103 general\u0103, nu vom stoca datele dvs. cu caracter personal.<\/p>\n<p><\/p>\n<p><strong>Cui transmitem datele dvs. cu caracter personal<\/strong><\/p>\n<p><\/p>\n<p>Nu transmitem persoanelor fizice sau juridice datele dvs. cu caracter personal.<\/p>\n<p><\/p>\n<p><strong>\u00cen ce \u021b\u0103ri transfer\u0103m<\/strong>\u00a0<strong>datele dvs. cu caracter personal<\/strong><\/p>\n<p><\/p>\n<p>\u00cen prezent, stoc\u0103m \u0219i prelucr\u0103m datele dvs. cu caracter personal pe teritoriul Rom\u00e2niei.<\/p>\n<p><\/p>\n<p>Cu toate acestea, este posibil s\u0103 transfer\u0103m anumite date ale dvs. cu caracter personal unor entit\u0103\u021bi localizate \u00een Uniunea European\u0103. Vom lua \u00eentotdeauna m\u0103suri pentru a ne asigura c\u0103 orice transfer interna\u021bional de date cu caracter personal este gestionat cu aten\u021bie cu scopul de a v\u0103 proteja drepturile \u0219i interesele.<\/p>\n<p><\/p>\n<p><strong>Cum protej\u0103m securitatea datelor dvs. cu caracter personal<\/strong><\/p>\n<p><\/p>\n<p>Ne angaj\u0103m s\u0103 asigur\u0103m securitatea datelor cu caracter personal prin implementarea unor m\u0103suri tehnice \u0219i organizatorice adecvate, conform standardelor industriei. \u00a0\u00cen ciuda m\u0103surilor luate pentru a proteja datele dvs. cu caracter personal, v\u0103 atragem aten\u021bia c\u0103 transmiterea informa\u021biilor prin Internet, \u00een general, sau prin intermediul altor re\u021bele publice sau re\u021bele sociale, nu este complet sigur\u0103, exist\u00e2nd riscul ca datele s\u0103 fie v\u0103zute \u0219i utilizate de c\u0103tre ter\u021be p\u0103r\u021bi neautorizate. Nu putem fi responsabili pentru astfel de vulnerabilit\u0103\u021bi ale unor sisteme care nu sunt sub controlul nostru.<\/p>\n<p><\/p>\n<p><strong>Ce drepturi ave\u021bi<\/strong><\/p>\n<p><\/p>\n<p>Regulamentul general privind protec\u021bia datelor v\u0103 recunoa\u0219te o serie drepturi \u00een leg\u0103tur\u0103 cu datele dvs. cu caracter personal. Pute\u021bi solicita accesul la datele dvs., corectarea oric\u0103ror gre\u0219eli din fi\u0219ierele noastre \u0219i\/sau v\u0103 pute\u021bi opune la prelucrarea datelor dvs. cu caracter personal. Dup\u0103 caz, pute\u021bi beneficia \u0219i de dreptul de a solicita \u0219tergerea datelor dvs. cu caracter personal, dreptul la restric\u021bionarea prelucr\u0103rii datelor dvs. \u0219i dreptul la portabilitatea datelor. Pentru a v\u0103 putea exercita drepturile, ne pute\u021bi contacta folosind detaliile de contact expuse mai sus. V\u0103 rug\u0103m s\u0103 re\u021bine\u021bi urm\u0103toarele aspecte dac\u0103 dori\u021bi s\u0103 v\u0103 exercita\u021bi aceste drepturi:<\/p>\n<p><\/p>\n<p><strong>Identitate.<\/strong>\u00a0Lu\u0103m \u00een serios confiden\u021bialitatea tuturor \u00eenregistr\u0103rilor care con\u021bin date cu caracter personal. Din acest motiv, v\u0103 rug\u0103m s\u0103 ne transmite\u021bi cererile dvs. cu privire la astfel de \u00eenregistr\u0103ri folosind adresa de e-mail cu care ne-a\u021bi contactat. In caz contrar, ne rezerv\u0103m dreptul de a v\u0103 verifica identitatea prin solicitarea de informa\u021bii suplimentare care au ca scop confirmarea identit\u0103\u021bii dvs.<\/p>\n<p><\/p>\n<p><strong>Onorarii.<\/strong>\u00a0Nu vom solicita o tax\u0103 pentru a v\u0103 exercita vreun drept \u00een ceea ce prive\u0219te datele dvs. cu caracter personal, cu excep\u021bia cazului \u00een care solicitarea dvs. de acces la informa\u021bii este nefondat\u0103, respectiv repetitiv\u0103 sau excesiv\u0103, caz \u00een care vom percepe o sum\u0103 rezonabil\u0103 \u00een asemenea circumstan\u021be.<\/p>\n<p><\/p>\n<p><strong>Durata de r\u0103spuns.<\/strong>\u00a0Ne propunem s\u0103 r\u0103spundem la orice solicit\u0103ri valide \u00een termen de maximum 30 zile, cu excep\u021bia cazului \u00een care acest lucru este deosebit de complicat sau dac\u0103 a\u021bi f\u0103cut mai multe solicit\u0103ri, caz \u00een care urmeaz\u0103 s\u0103 r\u0103spundem \u00een termen de maximum doua luni. V\u0103 vom anun\u021ba dac\u0103 vom avea nevoie de mai mult de o lun\u0103. S-ar putea s\u0103 v\u0103 \u00eentreb\u0103m dac\u0103 pute\u021bi s\u0103 ne spune\u021bi exact ce dori\u021bi s\u0103 primi\u021bi sau ce anume v\u0103 \u00eengrijoreaz\u0103. Acest lucru ne va ajuta s\u0103 ac\u021bion\u0103m mai repede si sa scurtam timpul de r\u0103spuns la solicitarea dvs.<\/p>\n<p><\/p>\n<p><strong>Drepturile ter\u021belor p\u0103r\u021bi.<\/strong>\u00a0Nu trebuie s\u0103 respect\u0103m o cerere \u00een cazul \u00een care ar afecta \u00een mod negativ drepturile \u0219i libert\u0103\u021bile altor persoane vizate.<\/p>\n<p><\/p>\n<h3>Drepturi vizate<\/h3>\n<p><\/p>\n<p>Pute\u021bi s\u0103 ne cere\u021bi:<\/p>\n<p><\/p>\n<ul>\n<li>s\u0103 confirm\u0103m dac\u0103 v\u0103 prelucr\u0103m datele cu caracter personal;<\/li>\n<li>s\u0103 v\u0103 punem la dispozi\u021bie o copie a acestor date;<\/li>\n<li>s\u0103 v\u0103 oferim alte informa\u021bii despre datele dvs. cu caracter personal, cum ar fi datele pe care le avem, la ce le folosim, cui i le divulg\u0103m, dac\u0103 le transfer\u0103m \u00een str\u0103in\u0103tate \u0219i cum le protej\u0103m, c\u00e2t timp le p\u0103str\u0103m, ce drepturi ave\u021bi, cum pute\u021bi face o pl\u00e2ngere, de unde am ob\u021binut datele dvs., \u00een m\u0103sura \u00een care informa\u021biile nu v-au fost deja furnizate prin aceast\u0103 informare.<\/li>\n<\/ul>\n<p><\/p>\n<p><strong>\u0218tergerea datelor<\/strong><\/p>\n<p><\/p>\n<p>Nepute\u021bi cere s\u0103 v\u0103 \u0219tergem datele cu caracter personal, dar numai \u00een cazul \u00een care:<\/p>\n<p><\/p>\n<ul>\n<li>acestea nu mai sunt necesare pentru scopurile pentru care au fost colectate; sau<\/li>\n<li>v-a\u021bi retras consim\u021b\u0103m\u00e2ntul (\u00een cazul \u00een care prelucrarea datelor se baza pe consim\u021b\u0103m\u00e2nt); sau<\/li>\n<li>da\u021bi curs unui drept legal de a v\u0103 opune; sau<\/li>\n<li>acestea au fost prelucrate ilegal; sau<\/li>\n<li>ne revine o obliga\u021bie legal\u0103 \u00een acest sens.<\/li>\n<\/ul>\n<p><\/p>\n<p>Nu avem obliga\u021bia de a ne conforma solicit\u0103rii dvs. de \u0219tergere a datelor dvs. cu caracter personal \u00een cazul \u00een care prelucrarea datelor dvs. cu caracter personal este necesar\u0103:<\/p>\n<p><\/p>\n<ul>\n<li>pentru respectarea unei obliga\u021bii legale; sau<\/li>\n<li>pentru constatarea, exercitarea sau ap\u0103rarea unui drept \u00een instan\u021b\u0103.<\/li>\n<\/ul>\n<p><\/p>\n<p>Exist\u0103 anumite alte circumstan\u021be \u00een care nu suntem obliga\u021bi s\u0103 respect\u0103m solicitarea dvs. de \u0219tergere a datelor, de\u0219i acestea dou\u0103 sunt cele mai probabile circumstan\u021be \u00een care v-am putea refuza aceast\u0103 solicitare<\/p>\n<p><\/p>\n<p><strong>Opozi\u021bia<\/strong><\/p>\n<p><\/p>\n<p>V\u0103 pute\u021bi opune \u00een orice moment, din motive legate de situa\u021bia particular\u0103 \u00een care v\u0103 afla\u021bi, prelucr\u0103rii datelor dvs. cu caracter personal \u00een temeiul interesului nostru legitim, \u00een cazul \u00een care considera\u021bi c\u0103 drepturile \u0219i libert\u0103\u021bile dvs. fundamentale prevaleaz\u0103 fa\u021b\u0103 de acest interes. De asemenea, v\u0103 pute\u021bi opune oric\u00e2nd prelucr\u0103rii datelor dvs. \u00een scop de marketing direct (inclusiv crearea de profiluri), f\u0103r\u0103 a invoca vreun motiv, caz \u00een care vom \u00eenceta \u00een cel mai scurt timp posibil aceast\u0103 prelucrare.<\/p>\n<p><\/p>\n<p><strong>Pl\u00e2ngeri<\/strong><\/p>\n<p><\/p>\n<p>Ave\u021bi dreptul s\u0103 depune\u021bi o pl\u00e2ngere la autoritatea de supraveghere cu privire la prelucrarea datelor dvs. cu caracter personal. \u00cen Rom\u00e2nia, datele de contact ale autorit\u0103\u021bii de supraveghere pentru protec\u021bia datelor sunt urm\u0103toarele:<\/p>\n<p><\/p>\n<p>Autoritatea Na\u021bional\u0103 de Supraveghere a Prelucr\u0103rii Datelor cu Caracter Personal<\/p>\n<p><\/p>\n<p>B-dul G-ral. Gheorghe Magheru nr. 28-30, Sect. 1, cod po\u0219tal 010336, Bucure\u0219ti, Rom\u00e2nia<\/p>\n<p><\/p>\n<p>Telefon: +40.318.059.211 sau +40.318.059.212; E-mail: anspdcp@dataprotection.ro<\/p>\n<p><\/p>\n<p>F\u0103r\u0103 a v\u0103 afecta dreptul dvs. de a contacta \u00een orice moment autoritatea de supraveghere, v\u0103 rug\u0103m s\u0103 ne contacta\u021bi \u00een prealabil. V\u0103 asigur\u0103m c\u0103 vom depune toate eforturile necesare pentru a rezolva orice situa\u021bie pe cale amiabil\u0103.\u00a0\u00a0\u00a0<\/p>\n<p><\/p>\n<p>V\u0103 reamintim c\u0103 pute\u021bi contacta \u00een orice moment responsabilul Termaexim cu protec\u021bia datelor prin transmiterea solicit\u0103rii dvs. prin oricare dintre urm\u0103toarele modalit\u0103\u021bi:<\/p>\n<p><\/p>\n<p>\u2013 prin e-mail la adresa:\u00a0office@termaexim.ro<\/p>\n<p><\/p>\n<p>\u2013 prin po\u0219t\u0103 sau curier la adresa:\u00a0 Galati, strada Petru Groza, nr. 17, jude\u0163ul Galati<\/p>\n<p><\/p>\n<p>\u00a0<\/p>\n<p><\/p>\n\t\t\t\t\t\t<\/div>\n\t\t\t\t<\/div>\n\t\t\t\t\t<\/div>\n\t\t<\/div>\n\t\t\t\t\t\t\t<\/div>\n\t\t<\/section>\n\t\t\t\t\t\t<\/div>\n\t\t\t\t\t<\/div>\n\t\t","protected":false},"excerpt":{"rendered":"<p>Prelucrarea datelor cu caracter personal Politic\u0103 de Confiden\u021bialitate\u00a0cu privire la prelucrarea datelor cu caracter personal Consider\u0103m asigurarea dreptului la protec\u021bia datelor cu caracter personal ca un angajament fundamental TERMAEXIM, prin urmare vom dedica toate resursele \u0219i eforturile necesare pentru a prelucra datele dvs. \u00een deplin\u0103 concordan\u021b\u0103 cu Regulamentul (UE) 2016\/679\u00a0(\u201cRegulamentul general privind protec\u021bia datelor\u201d\u00a0sau\u00a0\u201cGDPR\u201d), precum [&hellip;]<\/p>\n","protected":false},"author":1,"featured_media":0,"parent":0,"menu_order":0,"comment_status":"closed","ping_status":"closed","template":"","meta":{"footnotes":""},"class_list":["post-6305","page","type-page","status-publish","hentry"],"_links":{"self":[{"href":"https:\/\/termaexim.ro\/en\/wp-json\/wp\/v2\/pages\/6305","targetHints":{"allow":["GET"]}}],"collection":[{"href":"https:\/\/termaexim.ro\/en\/wp-json\/wp\/v2\/pages"}],"about":[{"href":"https:\/\/termaexim.ro\/en\/wp-json\/wp\/v2\/types\/page"}],"author":[{"embeddable":true,"href":"https:\/\/termaexim.ro\/en\/wp-json\/wp\/v2\/users\/1"}],"replies":[{"embeddable":true,"href":"https:\/\/termaexim.ro\/en\/wp-json\/wp\/v2\/comments?post=6305"}],"version-history":[{"count":4,"href":"https:\/\/termaexim.ro\/en\/wp-json\/wp\/v2\/pages\/6305\/revisions"}],"predecessor-version":[{"id":6309,"href":"https:\/\/termaexim.ro\/en\/wp-json\/wp\/v2\/pages\/6305\/revisions\/6309"}],"wp:attachment":[{"href":"https:\/\/termaexim.ro\/en\/wp-json\/wp\/v2\/media?parent=6305"}],"curies":[{"name":"wp","href":"https:\/\/api.w.org\/{rel}","templated":true}]}}