{"id":6300,"date":"2021-10-27T11:53:02","date_gmt":"2021-10-27T11:53:02","guid":{"rendered":"https:\/\/termaexim.ro\/politica-de-utilizare-cookie-uri\/"},"modified":"2021-10-27T11:53:51","modified_gmt":"2021-10-27T11:53:51","slug":"cookies","status":"publish","type":"page","link":"https:\/\/termaexim.ro\/en\/cookies\/","title":{"rendered":"Cookies"},"content":{"rendered":"\t\t<div data-elementor-type=\"wp-page\" data-elementor-id=\"6300\" class=\"elementor elementor-6300\" data-elementor-settings=\"[]\">\n\t\t\t\t\t\t\t<div class=\"elementor-section-wrap\">\n\t\t\t\t\t\t\t<section class=\"elementor-section elementor-top-section elementor-element elementor-element-21529635 elementor-section-boxed elementor-section-height-default elementor-section-height-default qodef-elementor-content-no\" data-id=\"21529635\" data-element_type=\"section\">\n\t\t\t\t\t\t<div class=\"elementor-container elementor-column-gap-default\">\n\t\t\t\t\t<div class=\"elementor-column elementor-col-100 elementor-top-column elementor-element elementor-element-781f840f\" data-id=\"781f840f\" data-element_type=\"column\">\n\t\t\t<div class=\"elementor-widget-wrap elementor-element-populated\">\n\t\t\t\t\t\t\t\t<div class=\"elementor-element elementor-element-26b769ee elementor-widget elementor-widget-text-editor\" data-id=\"26b769ee\" data-element_type=\"widget\" data-widget_type=\"text-editor.default\">\n\t\t\t\t<div class=\"elementor-widget-container\">\n\t\t\t\t\t\t\t<p><\/p>\n<p><strong>1. Politica de utilizare cookie-uri<\/strong><\/p>\n<p><\/p>\n<p>Aceast\u0103 politic\u0103 se refer\u0103 la cookie-urile \u0219i la tehnologiile similare folosite, dup\u0103 caz, \u00een website-ul <a href=\"http:\/\/www.termaexim.ro\">www.termaexim.ro<\/a> operat de S.C. Termaexim S.A. persoan\u0103 juridic\u0103 de na\u021bionalitate rom\u00e2n\u0103, av\u00e2nd sediul social \u00een localitatea localitatea Galati, strada Petru Groza, nr. 17, jude\u0163ul Galati, e-mail: <a href=\"mailto:office@termaexim.ro\">office@termaexim.ro<\/a> (denumit\u0103 \u00een continuare Termaexim). Cookie-urile sunt folosite pentru urm\u0103toarele scopuri:<\/p>\n<p><\/p>\n<ul>\n<li>de func\u021bionare a site-ului,<\/li>\n<li>de analiz\u0103 a comportamentului vizitatorilor site-ului,<\/li>\n<\/ul>\n<p><\/p>\n<p>Aceast\u0103 politic\u0103 se completeaz\u0103 cu politica Termaexim cu privire la protec\u021bia datelor personale \u00een general pe care o pute\u021bi g\u0103si <em>aici<\/em> \u0219i cu Termenii \u0219i Condi\u021biile site-ului pe care le pute\u021bi g\u0103si <em>aici<\/em>, pe care v\u0103 \u00eencuraj\u0103m s\u0103 le citi\u021bi, acestea incluz\u00e2nd informa\u021bii suplimentare utile, inclusiv cu privire la toate scopurile prelucr\u0103rilor de date de c\u0103tre Termaexim, drepturile dumneavoastr\u0103, precum \u0219i excep\u021biile \u0219i limitele acestora etc. Protec\u021bia corespunz\u0103toare a datelor cu caracter personal este un obiectiv important pentru Termaexim. Dorin\u021ba noastr\u0103 este s\u0103 fim c\u00e2t mai transparen\u021bi cu privire la abordarea Termaexim \u00een materie.<\/p>\n<p><\/p>\n<p><strong>2. Ce sunt cookie-urile?<\/strong><\/p>\n<p><\/p>\n<p>Cookie-ul este un fi\u0219ier de mici dimensiuni, format din litere \u0219i numere, care va fi stocat pe computerul, terminalul mobil sau alte echipamente ale unui utilizator de pe care se acceseaz\u0103 internetul. Cookie-ul este instalat prin solicitarea emis\u0103 de c\u0103tre terminalul utilizatorului c\u0103tre un server Termaexim sau c\u0103tre un server al unei ter\u021be p\u0103r\u021bi.<\/p>\n<p><\/p>\n<p><strong>3. La ce sunt folosite cookie-urile?<\/strong><\/p>\n<p><\/p>\n<p>Aceste fi\u0219iere fac posibil\u0103 \u00een principal recunoa\u0219terea terminalului utilizatorului \u0219i prezentarea con\u021binutului \u00eentr-un mod relevant, adaptat preferin\u021belor utilizatorului. Cookie-urile asigur\u0103 utilizatorilor o experien\u021b\u0103 pl\u0103cut\u0103 de navigare \u0219i sus\u021bin eforturile Termaexim pentru a oferi servicii mai adaptate utilizatorilor, ex: \u2013 preferin\u021bele \u00een materie de confiden\u021bialitate online, achizi\u021bii sau publicitate relevant\u0103. De asemenea, sunt utilizate \u00een preg\u0103tirea unor statistici anonime agregate care ne ajut\u0103 s\u0103 \u00een\u021belegem cum un utilizator beneficiaz\u0103 de paginile noastre de internet, permi\u021b\u00e2ndu-ne \u00eembun\u0103t\u0103\u021birea structurii \u0219i con\u021binutului lor, f\u0103r\u0103 a permite identificarea personal\u0103 a utilizatorului.<\/p>\n<p><\/p>\n<p><strong>4. Ce cookie-uri folosim?<\/strong><\/p>\n<p><\/p>\n<p>Folosim dou\u0103 tipuri de cookie-uri: per sesiune \u0219i fixe. Cookie-urile per sesiune sunt fi\u0219iere temporare ce r\u0103m\u00e2n \u00een terminalul utilizatorului p\u00e2n\u0103 la terminarea sesiunii sau \u00eenchiderea aplica\u021biei. Cookie-urile fixe r\u0103m\u00e2n pe terminalul utilizatorului pe o perioad\u0103 determinat\u0103 de parametrii cookie-ului sau p\u00e2n\u0103 sunt \u0219terse manual de utilizator.<\/p>\n<p><\/p>\n<p><strong>5. Cum sunt folosite cookie-urile de c\u0103tre acest site?<\/strong><\/p>\n<p><\/p>\n<p>O vizit\u0103 pe acest site poate plasa urm\u0103toarele tipuri de cookie-uri:<\/p>\n<p><\/p>\n<ul>\n<li>cookie-uri strict necesare pentru func\u021bionarea site-ului<\/li>\n<li>cookie-uri de analiz\u0103<\/li>\n<\/ul>\n<p><\/p>\n<p>Cookie-urile \u0219i\/sau tehnologiile similare strict necesare sunt esen\u021biale pentru buna func\u021bionare a site-ului, fiind setate pe dispozitivul dumneavoastr\u0103 la accesarea site-ului <a href=\"http:\/\/www.termaexim.ro\">www.termaexim.ro<\/a> sau \u00een urma ac\u021biunilor efectuate \u00een site, dup\u0103 caz. Pute\u021bi seta browser-ul dumneavoastr\u0103 pentru a bloca cookie-urile, \u00eens\u0103 \u00een acest caz anumite sec\u021biuni ale site-ului nu vor func\u021biona corect.<br \/>Celelalte categorii de cookie-uri au rolul indicat la\u00a0sec\u021biunea 11.<\/p>\n<p><\/p>\n<p><strong>6. Con\u021bin cookie-urile date personale?<\/strong><\/p>\n<p><\/p>\n<p>Cookie-urile sau tehnologiile similare \u00een sine nu solicit\u0103 informa\u021bii cu caracter personal pentru a putea fi utilizate \u0219i, \u00een multe cazuri, nici nu identific\u0103 personal utilizatorii de internet. Exist\u0103 \u00eens\u0103 situa\u021bii c\u00e2nd datele personale pot fi colectate prin utilizarea cookie-urilor pentru a facilita anumite func\u021bionalit\u0103\u021bi pentru utilizator sau pentru a oferi utilizatorului o experien\u021b\u0103 mai adaptat\u0103 preferin\u021belor sale. Astfel de date sunt criptate \u00eentr-un mod care face imposibil accesul persoanelor neautorizate la ele.<\/p>\n<p><\/p>\n<p><strong>7. Blocare cookie-uri<\/strong><\/p>\n<p><\/p>\n<p>\u00cen cazul \u00een care dori\u021bi sa bloca\u021bi cookie-urile, unele func\u021bionalit\u0103\u021bi ale site\u2011ului vor fi oprite, iar acest lucru poate genera anumite disfunc\u021bionalit\u0103\u021bi sau erori \u00een folosirea site-ului nostru. De exemplu, blocarea cookie-urilor v\u0103 poate \u00eempiedica s\u0103 rezerva\u021bi online un serviciu de cazare.<br \/>\u00cen cazul \u00een care e\u0219ti de acord cu aceste limit\u0103ri \u0219i dore\u0219ti s\u0103 blochezi cookie-urile, urmeaz\u0103 instruc\u021biunile de mai jos:<\/p>\n<p><\/p>\n<p>Cele mai multe browsere sunt setate implicit s\u0103 accepte cookie-uri, dar ave\u021bi posibilitatea s\u0103 modifica\u021bi set\u0103rile pentru a bloca unele sau toate cookie-urile.<\/p>\n<p><\/p>\n<p><strong>8. Administrarea preferin\u021belor cu privire la plasarea de cookie-uri<\/strong><\/p>\n<p><\/p>\n<p>\u00cen general, o aplica\u021bie folosit\u0103 pentru accesarea paginilor web permite salvarea cookie-urilor pe terminal \u00een mod implicit. Acestea sunt stocate pe perioade descrise \u00een tabelul de la\u00a0sec\u021biunea 11\u00a0de mai jos. Aceste set\u0103ri pot fi schimbate \u00een a\u0219a fel \u00eenc\u00e2t administrarea automat\u0103 a cookie-urilor s\u0103 fie blocat\u0103 de browser-ul web sau utilizatorul s\u0103 fie informat de fiecare dat\u0103 c\u00e2nd cookie-uri sunt trimise c\u0103tre terminalul s\u0103u.<\/p>\n<p><\/p>\n<p>Informa\u021bii detaliate despre posibilit\u0103\u021bile \u0219i modurile de administrare a cookie-urilor pot fi g\u0103site \u00een zona de set\u0103ri a aplica\u021biei (browser-ului web). Limitarea folosirii cookie-urilor poate afecta anumite func\u021bionalit\u0103\u021bi ale website-ului.<\/p>\n<p><\/p>\n<p><strong>9. De ce sunt cookie-urile importante pentru Internet?<\/strong><\/p>\n<p><\/p>\n<p>Cookie-urile \u0219i\/sau tehnologiile similare reprezint\u0103 un punct central al func\u021bion\u0103rii eficiente a Internetului, ajut\u00e2nd la generarea unei experien\u021be de navigare prietenoase \u0219i adaptate preferin\u021belor \u0219i intereselor fiec\u0103rui utilizator. Refuzarea sau dezactivarea cookie-urilor poate face unele site-uri sau p\u0103r\u021bi ale site-urilor imposibil de folosit.<\/p>\n<p><\/p>\n<p>Dezactivarea cookie-urilor nu \u00eenseamn\u0103 c\u0103 nu ve\u021bi mai primi, cu respectarea legisla\u021biei, publicitate online \u2013 ci doar c\u0103 aceasta nu va mai putea \u021bine cont de preferin\u021bele \u0219i interesele dvs., eviden\u021biate prin comportamentul de navigare.<\/p>\n<p><\/p>\n<ul>\n<li>Exemple de \u00eentrebuin\u021b\u0103ri importante ale cookie-urilor (care nu necesit\u0103 autentificarea unui utilizator prin intermediul unui cont):<\/li>\n<li>Con\u021binut \u0219i servicii adaptate preferin\u021belor utilizatorului \u2013 categorii de produse \u0219i servicii.<\/li>\n<li>Oferte adaptate intereselor utilizatorilor<\/li>\n<li>Re\u021binerea parolelor<\/li>\n<li>Re\u021binerea filtrelor de protec\u021bie a copiilor privind con\u021binutul pe Internet (op\u021biuni family mode, func\u021bii de safe search).<\/li>\n<li>Limitarea frecven\u021bei de difuzare a reclamelor \u2013 limitarea num\u0103rului de afi\u0219\u0103ri a unei reclame pentru un anumit utilizator pe un site.<\/li>\n<li>Furnizarea de publicitate relevant\u0103 pentru utilizator.<\/li>\n<\/ul>\n<p><\/p>\n<p>M\u0103surarea, optimizarea \u0219i adaptarea caracteristicilor de analiz\u0103 \u2013 cum ar fi confirmarea unui anumit nivel de trafic pe un website, ce tip de con\u021binut este vizualizat \u0219i modul cum un utilizator ajunge pe un website (ex: prin motoare de c\u0103utare, direct, din alte website-uri etc.). Website-urile deruleaz\u0103 aceste analize privitoare la utilizarea lor pentru a-\u0219i \u00eembun\u0103t\u0103\u021bi serviciile \u00een beneficiul utilizatorilor.<\/p>\n<p><\/p>\n<p><strong>10. Securitate \u0219i aspecte legate de confiden\u021bialitate<\/strong><\/p>\n<p><\/p>\n<p>\u00cen general browser-ele au integrate set\u0103ri de confiden\u021bialitate care furnizeaz\u0103 diferite niveluri de acceptare a cookie-urilor, perioada de valabilitate \u0219i \u0219tergere automat\u0103 dup\u0103 ce utilizatorul a vizitat un anumit site.<\/p>\n<p><\/p>\n<p>Alte aspecte de securitate legate de cookie-uri:<\/p>\n<p><\/p>\n<p>\u2022 Particularizarea set\u0103rilor browser-ului \u00een ceea ce prive\u0219te cookie-urile pentru a reflecta un nivel confortabil pentru dumneavoastr\u0103 al securit\u0103\u021bii utiliz\u0103rii cookie-urilor.<\/p>\n<p><\/p>\n<p>\u2022 Dac\u0103 sunte\u021bi singura persoan\u0103 care utilizeaz\u0103 computerul, pute\u021bi seta, dac\u0103 dori\u021bi, termene lungi de expirare pentru stocarea istoricului de navigare \u0219i a datelor personale de acces.<br \/>\u2022 Dac\u0103 \u00eemp\u0103r\u021bi\u021bi accesul la calculator, pute\u021bi lua \u00een considerare setarea browser-ului pentru a \u0219terge datele individuale de navigare de fiecare dat\u0103 c\u00e2nd \u00eenchide\u021bi browser-ul. Aceasta este o variant\u0103 de a accesa site-urile care plaseaz\u0103 cookie-uri \u0219i de a \u0219terge orice informa\u021bie de vizitare la \u00eenchiderea sesiunii de navigare.<\/p>\n<p><\/p>\n<p><strong>11. Linkuri \u0219i informa\u021bii suplimentare utile<\/strong><\/p>\n<p><\/p>\n<p>Dac\u0103 dori\u021bi s\u0103 afla\u021bi mai multe informa\u021bii despre cookie-uri \u0219i la ce sunt utilizate, recomand\u0103m urm\u0103toarele linkuri:<\/p>\n<p><\/p>\n<p><a href=\"https:\/\/support.microsoft.com\/en-us\/help\/260971\/description-of-cookies\" target=\"_blank\" rel=\"noreferrer noopener\">Microsoft Cookies guide<\/a><\/p>\n<p><\/p>\n<p><a href=\"http:\/\/www.allaboutcookies.org\/\" target=\"_blank\" rel=\"noreferrer noopener\">All About Cookies<\/a><\/p>\n<p><\/p>\n<p><a href=\"http:\/\/www.youronlinechoices.com\/ro\">http:\/\/www.youronlinechoices.com\/ro<\/a><br \/>Tabelul de mai jos descrie fiecare cookie utilizat pe website-ul termaexim.ro, inclusiv rolul acestuia.<\/p>\n<p><\/p>\n<figure>\n<table>\n<thead>\n<tr>\n<td><strong>Denumire Cookie<\/strong><\/td>\n<td><strong>Categorie<\/strong><\/td>\n<td><strong>Tip<\/strong><\/td>\n<td><strong>Scop<\/strong><\/td>\n<td><strong>Valabilitate<\/strong><\/td>\n<\/tr>\n<\/thead>\n<tbody>\n<tr>\n<td><strong>insr<\/strong><\/td>\n<td>Functional<\/td>\n<td>Permanent<\/td>\n<td>Utilizat pentru detaliile de c\u0103l\u0103torie ale utilizatorului.<\/td>\n<td>30 de zile<\/td>\n<\/tr>\n<tr>\n<td><strong>travel_data<\/strong><\/td>\n<td>Functional<\/td>\n<td>Permanent<\/td>\n<td>Utilizat pentru detaliile de c\u0103l\u0103torie ale utilizatorului.<\/td>\n<td>30 de zile<\/td>\n<\/tr>\n<tr>\n<td><strong>campaign_notifications<\/strong><\/td>\n<td>Functional<\/td>\n<td>Permanent<\/td>\n<td>Utilizat pentru limitarea num\u0103rului de afi\u0219\u0103ri a unei notific\u0103ri.<\/td>\n<td>1 lun\u0103<\/td>\n<\/tr>\n<tr>\n<td><strong>cart_summary<\/strong><\/td>\n<td>Functional<\/td>\n<td>Permanent<\/td>\n<td>Utilizat pentru a p\u0103stra serviciile din co\u0219ul unui vizitator.<\/td>\n<td>100 de zile<\/td>\n<\/tr>\n<tr>\n<td><strong>profile_token<\/strong><\/td>\n<td>Functional<\/td>\n<td>Permanent<\/td>\n<td>Utilizat pentru a recomanda produse \u00een func\u021bie de profilul utilizatorului.<\/td>\n<td>30 de zile<\/td>\n<\/tr>\n<tr>\n<td><strong>sapi-token<\/strong><\/td>\n<td>Functional<\/td>\n<td>Permanent<\/td>\n<td>Utilizat pentru ac\u021biunile utilizatorului.<\/td>\n<td>1 an<\/td>\n<\/tr>\n<tr>\n<td><strong>token1<\/strong><\/td>\n<td>Functional<\/td>\n<td>Permanent<\/td>\n<td>Utilizat pentru ac\u021biunile utilizatorului.<\/td>\n<td>100 de zile<\/td>\n<\/tr>\n<tr>\n<td><strong>user_token<\/strong><\/td>\n<td>Functional<\/td>\n<td>Permanent<\/td>\n<td>Utilizat pentru a identifica ac\u021biunile utilizatorului.<\/td>\n<td>1 an<\/td>\n<\/tr>\n<tr>\n<td><strong>ltuid<\/strong><\/td>\n<td>Functional<\/td>\n<td>Permanent<\/td>\n<td>Utilizat ca referin\u021b\u0103 \u00een rapoartele interne.<\/td>\n<td>2 ani<\/td>\n<\/tr>\n<tr>\n<td><strong>web_push_perm<\/strong><\/td>\n<td>Functional<\/td>\n<td>Permanent<\/td>\n<td>Stocheaz\u0103 acceptul utilizatorului pentru abonarea la notific\u0103ri.<\/td>\n<td>1 an<\/td>\n<\/tr>\n<tr>\n<td><strong>sk_t_*<\/strong><\/td>\n<td>Functional<\/td>\n<td>Permanent<\/td>\n<td>Stocheaz\u0103 informa\u021bii despre tema grafic\u0103 a site-ului la nivel de campanie.<\/td>\n<td>1 an<\/td>\n<\/tr>\n<tr>\n<td><strong>sr<\/strong><\/td>\n<td>Functional<\/td>\n<td>Permanent<\/td>\n<td>Stocheaz\u0103 rezolu\u021bia dispozitivului utilizatorului.<\/td>\n<td>1 an<\/td>\n<\/tr>\n<tr>\n<td><strong>vp<\/strong><\/td>\n<td>Functional<\/td>\n<td>Permanent<\/td>\n<td>Stocheaz\u0103 dimensiunea vizibil\u0103 din browser pe ecranul utilizatorului.<\/td>\n<td>1 an<\/td>\n<\/tr>\n<tr>\n<td><strong>customer_fullname<\/strong><\/td>\n<td>Functional<\/td>\n<td>Permanent<\/td>\n<td>Utilizat pentru afi\u0219are \u00een header-ul site-ului.<\/td>\n<td>1 an<\/td>\n<\/tr>\n<tr>\n<td><strong>customer_has_orders<\/strong><\/td>\n<td>Functional<\/td>\n<td>Permanent<\/td>\n<td>Utilizat pentru a diferen\u021bia un client vechi de un client nou.<\/td>\n<td>1 an<\/td>\n<\/tr>\n<tr>\n<td><strong>site_version_11<\/strong><\/td>\n<td>Functional<\/td>\n<td>Permanent<\/td>\n<td>Diferen\u021biaz\u0103 afi\u0219area \u00eentre PC \u0219i dispozitive mobile.<\/td>\n<td>10 zile<\/td>\n<\/tr>\n<tr>\n<td><strong>clear_local_storage<\/strong><\/td>\n<td>Functional<\/td>\n<td>Permanent<\/td>\n<td>Folosit la administrarea localStorage.<\/td>\n<td>1 or\u0103<\/td>\n<\/tr>\n<tr>\n<td><strong>dmo_v_prv1<\/strong><\/td>\n<td>Publicitate<\/td>\n<td>Permanent<\/td>\n<td>Utilizat pentru modulul de retargetare publicitar\u0103.<\/td>\n<td>1 zi<\/td>\n<\/tr>\n<tr>\n<td><strong>c_dmo<\/strong><\/td>\n<td>Analiz\u0103<\/td>\n<td>Permanent<\/td>\n<td>Utilizat pentru modulul de analiz\u0103 comportament.<\/td>\n<td>1 zi<\/td>\n<\/tr>\n<tr>\n<td><strong>gdp_dm<\/strong><\/td>\n<td>Publicitate<\/td>\n<td>Permanent<\/td>\n<td>Utilizat pentru modulul de retargetare publicitar\u0103.<\/td>\n<td>1 zi<\/td>\n<\/tr>\n<tr>\n<td><strong>dem_ck2<\/strong><\/td>\n<td>Analiz\u0103<\/td>\n<td>Permanent<\/td>\n<td>Utilizat pentru modulul de analiz\u0103 comportament.<\/td>\n<td>1 zi<\/td>\n<\/tr>\n<tr>\n<td><strong>d_cv1_prv<\/strong><\/td>\n<td>Publicitate<\/td>\n<td>Permanent<\/td>\n<td>Utilizat pentru modulul de retargetare publicitar\u0103.<\/td>\n<td>1 zi<\/td>\n<\/tr>\n<tr>\n<td><strong>dmck_prv<\/strong><\/td>\n<td>Analiz\u0103<\/td>\n<td>Permanent<\/td>\n<td>Utilizat pentru modulul de analiz\u0103 comportament.<\/td>\n<td>1 zi<\/td>\n<\/tr>\n<tr>\n<td><strong>customer_id<\/strong><\/td>\n<td>Functional<\/td>\n<td>Permanent<\/td>\n<td>Utilizat pentru autentificare.<\/td>\n<td>1 an<\/td>\n<\/tr>\n<tr>\n<td><strong>EEUH<\/strong><\/td>\n<td>Functional<\/td>\n<td>Permanent<\/td>\n<td>Utilizat \u00een func\u021bionalitatea modulului de pl\u0103\u021bi.<\/td>\n<td>30 de zile<\/td>\n<\/tr>\n<tr>\n<td><strong>oh_user_email<\/strong><\/td>\n<td>Functional<\/td>\n<td>Permanent<\/td>\n<td>Utilizat \u00een func\u021bionalitatea modulului de abon\u0103ri.<\/td>\n<td>1 minut<\/td>\n<\/tr>\n<tr>\n<td><strong>sk_c_*<\/strong><\/td>\n<td>Functional<\/td>\n<td>Permanent<\/td>\n<td>Stocheaz\u0103 informa\u021bii despre tema grafic\u0103 a site-ului la nivel de campanie.<\/td>\n<td>1 an<\/td>\n<\/tr>\n<tr>\n<td><strong>widgets_token<\/strong><\/td>\n<td>Functional<\/td>\n<td>Permanent<\/td>\n<td>Utilizat \u00een func\u021bionalitatea modulului de caching.<\/td>\n<td>1 zi<\/td>\n<\/tr>\n<tr>\n<td><strong>current_user_subscribed<\/strong><\/td>\n<td>Functional<\/td>\n<td>Sesiune<\/td>\n<td>Utilizat \u00een func\u021bionalitatea modulului de abon\u0103ri.<\/td>\n<td>1 Sesiune<\/td>\n<\/tr>\n<tr>\n<td><strong>eab*<\/strong><\/td>\n<td>Functional<\/td>\n<td>Permanent<\/td>\n<td>Utilizat pentru func\u021bionalitatea modulului de ab teste.<\/td>\n<td>90 de zile<\/td>\n<\/tr>\n<tr>\n<td><strong>eab_allocation<\/strong><\/td>\n<td>Functional<\/td>\n<td>Permanent<\/td>\n<td>Utilizat pentru func\u021bionalitatea modulului de ab teste.<\/td>\n<td>1 minut<\/td>\n<\/tr>\n<tr>\n<td><strong>listing-ribbon*<\/strong><\/td>\n<td>Functional<\/td>\n<td>Permanent<\/td>\n<td>Utilizat pentru func\u021bionalitatea de ribbons.<\/td>\n<td>1 zi<\/td>\n<\/tr>\n<tr>\n<td><strong>listingDisplayId<\/strong><\/td>\n<td>Functional<\/td>\n<td>Permanent<\/td>\n<td>Utilizat pentru afi\u0219area produselor \u00een listing.<\/td>\n<td>1 zi<\/td>\n<\/tr>\n<tr>\n<td><strong>product_history<\/strong><\/td>\n<td>Functional<\/td>\n<td>Permanent<\/td>\n<td>Utilizat pentru afi\u0219area istoricului de produse vizitate.<\/td>\n<td>1 an<\/td>\n<\/tr>\n<tr>\n<td><strong>product_history_cache<\/strong><\/td>\n<td>Functional<\/td>\n<td>Permanent<\/td>\n<td>Utilizat pentru afi\u0219area istoricului de produse vizitate.<\/td>\n<td>1 an<\/td>\n<\/tr>\n<tr>\n<td><strong>unprocessed_fraze<\/strong><\/td>\n<td>Functional<\/td>\n<td>Sesiune<\/td>\n<td>Utilizat pentru func\u021bionalitatatea de c\u0103utare \u00een site.<\/td>\n<td>1 Sesiune<\/td>\n<\/tr>\n<tr>\n<td><strong>show_gdpr_cookie_banner<\/strong><\/td>\n<td>Functional<\/td>\n<td>Sesiune<\/td>\n<td>Utilizat pentru afi\u0219area banner-ului de politic\u0103 cookie-uri.<\/td>\n<td>1 Sesiune<\/td>\n<\/tr>\n<tr>\n<td><strong>header_notification_closed<\/strong><\/td>\n<td>Functional<\/td>\n<td>Permanent<\/td>\n<td>Utilizat pentru ascunderea notific\u0103rii din header.<\/td>\n<td>6 ore<\/td>\n<\/tr>\n<tr>\n<td><strong>remember_me<\/strong><\/td>\n<td>Functional<\/td>\n<td>Permanent<\/td>\n<td>Utilizat pentru ac\u021biunile utilizatorului.<\/td>\n<td>1 an<\/td>\n<\/tr>\n<\/tbody>\n<\/table>\n<\/figure>\n<p><\/p>\n<p>Nu vom utiliza aceste cookie-uri \u00een alte moduri dec\u00e2t cele indicate \u00een prezenta Politic\u0103 de utilizare cookie-uri.<\/p>\n<p><\/p>\n<p>Termaexim folose\u0219te servicii oferite de ter\u021be p\u0103r\u021bi \u00een scopul oferirii de func\u021bionalit\u0103\u021bi, pentru analiz\u0103 \u0219i pentru publicitate. Este posibil ca aceste ter\u021be p\u0103r\u021bi s\u0103 seteze \u0219i s\u0103 foloseasc\u0103 cookie-uri \u0219i\/sau tehnologii similare pe website-ul <a href=\"http:\/\/www.termaexim.ro\">www.termaexim.ro<\/a><\/p>\n<p><\/p>\n\t\t\t\t\t\t<\/div>\n\t\t\t\t<\/div>\n\t\t\t\t\t<\/div>\n\t\t<\/div>\n\t\t\t\t\t\t\t<\/div>\n\t\t<\/section>\n\t\t\t\t\t\t<\/div>\n\t\t\t\t\t<\/div>\n\t\t","protected":false},"excerpt":{"rendered":"<p>1. Politica de utilizare cookie-uri Aceast\u0103 politic\u0103 se refer\u0103 la cookie-urile \u0219i la tehnologiile similare folosite, dup\u0103 caz, \u00een website-ul www.termaexim.ro operat de S.C. Termaexim S.A. persoan\u0103 juridic\u0103 de na\u021bionalitate rom\u00e2n\u0103, av\u00e2nd sediul social \u00een localitatea localitatea Galati, strada Petru Groza, nr. 17, jude\u0163ul Galati, e-mail: office@termaexim.ro (denumit\u0103 \u00een continuare Termaexim). Cookie-urile sunt folosite pentru [&hellip;]<\/p>\n","protected":false},"author":1,"featured_media":0,"parent":0,"menu_order":0,"comment_status":"closed","ping_status":"closed","template":"","meta":{"footnotes":""},"class_list":["post-6300","page","type-page","status-publish","hentry"],"_links":{"self":[{"href":"https:\/\/termaexim.ro\/en\/wp-json\/wp\/v2\/pages\/6300","targetHints":{"allow":["GET"]}}],"collection":[{"href":"https:\/\/termaexim.ro\/en\/wp-json\/wp\/v2\/pages"}],"about":[{"href":"https:\/\/termaexim.ro\/en\/wp-json\/wp\/v2\/types\/page"}],"author":[{"embeddable":true,"href":"https:\/\/termaexim.ro\/en\/wp-json\/wp\/v2\/users\/1"}],"replies":[{"embeddable":true,"href":"https:\/\/termaexim.ro\/en\/wp-json\/wp\/v2\/comments?post=6300"}],"version-history":[{"count":4,"href":"https:\/\/termaexim.ro\/en\/wp-json\/wp\/v2\/pages\/6300\/revisions"}],"predecessor-version":[{"id":6304,"href":"https:\/\/termaexim.ro\/en\/wp-json\/wp\/v2\/pages\/6300\/revisions\/6304"}],"wp:attachment":[{"href":"https:\/\/termaexim.ro\/en\/wp-json\/wp\/v2\/media?parent=6300"}],"curies":[{"name":"wp","href":"https:\/\/api.w.org\/{rel}","templated":true}]}}